{"id":28,"date":"2025-11-27T00:38:29","date_gmt":"2025-11-27T00:38:29","guid":{"rendered":"https:\/\/site41.arn1103.uqat.ca\/?page_id=28"},"modified":"2025-12-04T02:16:29","modified_gmt":"2025-12-04T02:16:29","slug":"a-propos","status":"publish","type":"page","link":"https:\/\/site41.arn1103.uqat.ca\/index.php\/a-propos\/","title":{"rendered":"\u00c0 propos"},"content":{"rendered":"\t\t<div data-elementor-type=\"wp-page\" data-elementor-id=\"28\" class=\"elementor elementor-28\">\n\t\t\t\t<div class=\"elementor-element elementor-element-1ad8c84 e-flex e-con-boxed e-con e-parent\" data-id=\"1ad8c84\" data-element_type=\"container\" data-e-type=\"container\">\n\t\t\t\t\t<div class=\"e-con-inner\">\n\t\t\t\t<div class=\"elementor-element elementor-element-a1416b4 elementor-widget elementor-widget-image\" data-id=\"a1416b4\" data-element_type=\"widget\" data-e-type=\"widget\" data-widget_type=\"image.default\">\n\t\t\t\t\t\t\t\t\t\t\t\t\t\t\t<img fetchpriority=\"high\" decoding=\"async\" width=\"989\" height=\"1024\" src=\"https:\/\/site41.arn1103.uqat.ca\/wp-content\/uploads\/2025\/12\/vishnu_chien_montagne-989x1024.jpg\" class=\"attachment-large size-large wp-image-46\" alt=\"\" srcset=\"https:\/\/site41.arn1103.uqat.ca\/wp-content\/uploads\/2025\/12\/vishnu_chien_montagne-989x1024.jpg 989w, https:\/\/site41.arn1103.uqat.ca\/wp-content\/uploads\/2025\/12\/vishnu_chien_montagne-290x300.jpg 290w, https:\/\/site41.arn1103.uqat.ca\/wp-content\/uploads\/2025\/12\/vishnu_chien_montagne-768x795.jpg 768w, https:\/\/site41.arn1103.uqat.ca\/wp-content\/uploads\/2025\/12\/vishnu_chien_montagne-1484x1536.jpg 1484w, https:\/\/site41.arn1103.uqat.ca\/wp-content\/uploads\/2025\/12\/vishnu_chien_montagne-1978x2048.jpg 1978w, https:\/\/site41.arn1103.uqat.ca\/wp-content\/uploads\/2025\/12\/vishnu_chien_montagne-600x621.jpg 600w, https:\/\/site41.arn1103.uqat.ca\/wp-content\/uploads\/2025\/12\/vishnu_chien_montagne.jpg 1980w\" sizes=\"(max-width: 989px) 100vw, 989px\" \/>\t\t\t\t\t\t\t\t\t\t\t\t\t\t\t<\/div>\n\t\t\t\t\t<\/div>\n\t\t\t\t<\/div>\n\t\t<div class=\"elementor-element elementor-element-81fdf8f e-flex e-con-boxed e-con e-parent\" data-id=\"81fdf8f\" data-element_type=\"container\" data-e-type=\"container\">\n\t\t\t\t\t<div class=\"e-con-inner\">\n\t\t\t\t<div class=\"elementor-element elementor-element-5579ccf elementor-widget elementor-widget-heading\" data-id=\"5579ccf\" data-element_type=\"widget\" data-e-type=\"widget\" data-widget_type=\"heading.default\">\n\t\t\t\t\t<h2 class=\"elementor-heading-title elementor-size-default\">Vishnu<\/h2>\t\t\t\t<\/div>\n\t\t\t\t\t<\/div>\n\t\t\t\t<\/div>\n\t\t<div class=\"elementor-element elementor-element-793e741 e-flex e-con-boxed e-con e-parent\" data-id=\"793e741\" data-element_type=\"container\" data-e-type=\"container\">\n\t\t\t\t\t<div class=\"e-con-inner\">\n\t\t\t\t<div class=\"elementor-element elementor-element-9dd3d77 elementor-widget elementor-widget-text-editor\" data-id=\"9dd3d77\" data-element_type=\"widget\" data-e-type=\"widget\" data-widget_type=\"text-editor.default\">\n\t\t\t\t\t\t\t\t\t<p>Vishnu est le chien de la Ferme Dharma et le premier employ\u00e9 de la ferme. Il travaille \u00e0 la ferme 24 heures sur 24, 7 jours sur 7.\u00a0 Ces fonctions sont les suivantes :<\/p><p>\u00b7 Aboyer pour faire part de son territoire aux pr\u00e9dateurs<\/p><p>\u00b7 Poursuivre les envahisseurs\u00a0<\/p><p>\u00b7 D\u00e9truire tous les objets qui sont laiss\u00e9s sans surveillance sur la ferme<\/p>\t\t\t\t\t\t\t\t<\/div>\n\t\t\t\t\t<\/div>\n\t\t\t\t<\/div>\n\t\t<div class=\"elementor-element elementor-element-f088d7f e-flex e-con-boxed e-con e-parent\" data-id=\"f088d7f\" data-element_type=\"container\" data-e-type=\"container\">\n\t\t\t\t\t<div class=\"e-con-inner\">\n\t\t\t\t<div class=\"elementor-element elementor-element-9fe0a89 elementor-widget elementor-widget-heading\" data-id=\"9fe0a89\" data-element_type=\"widget\" data-e-type=\"widget\" data-widget_type=\"heading.default\">\n\t\t\t\t\t<h2 class=\"elementor-heading-title elementor-size-default\">Une race de chien id\u00e9ale pour la ferme<\/h2>\t\t\t\t<\/div>\n\t\t\t\t\t<\/div>\n\t\t\t\t<\/div>\n\t\t<div class=\"elementor-element elementor-element-02b2462 e-flex e-con-boxed e-con e-parent\" data-id=\"02b2462\" data-element_type=\"container\" data-e-type=\"container\">\n\t\t\t\t\t<div class=\"e-con-inner\">\n\t\t<div class=\"elementor-element elementor-element-ecf58f9 e-con-full e-flex e-con e-child\" data-id=\"ecf58f9\" data-element_type=\"container\" data-e-type=\"container\">\n\t\t\t\t<div class=\"elementor-element elementor-element-519e745 elementor-widget elementor-widget-image\" data-id=\"519e745\" data-element_type=\"widget\" data-e-type=\"widget\" data-widget_type=\"image.default\">\n\t\t\t\t\t\t\t\t\t\t\t\t\t\t\t<img decoding=\"async\" width=\"994\" height=\"929\" src=\"https:\/\/site41.arn1103.uqat.ca\/wp-content\/uploads\/2025\/12\/chien_montagne_pyrenee.jpg\" class=\"attachment-large size-large wp-image-49\" alt=\"\" srcset=\"https:\/\/site41.arn1103.uqat.ca\/wp-content\/uploads\/2025\/12\/chien_montagne_pyrenee.jpg 994w, https:\/\/site41.arn1103.uqat.ca\/wp-content\/uploads\/2025\/12\/chien_montagne_pyrenee-300x280.jpg 300w, https:\/\/site41.arn1103.uqat.ca\/wp-content\/uploads\/2025\/12\/chien_montagne_pyrenee-768x718.jpg 768w, https:\/\/site41.arn1103.uqat.ca\/wp-content\/uploads\/2025\/12\/chien_montagne_pyrenee-600x561.jpg 600w\" sizes=\"(max-width: 994px) 100vw, 994px\" \/>\t\t\t\t\t\t\t\t\t\t\t\t\t\t\t<\/div>\n\t\t\t\t<\/div>\n\t\t<div class=\"elementor-element elementor-element-6de5970 e-con-full e-flex e-con e-child\" data-id=\"6de5970\" data-element_type=\"container\" data-e-type=\"container\">\n\t\t\t\t<div class=\"elementor-element elementor-element-8175d23 elementor-widget elementor-widget-text-editor\" data-id=\"8175d23\" data-element_type=\"widget\" data-e-type=\"widget\" data-widget_type=\"text-editor.default\">\n\t\t\t\t\t\t\t\t\t<p>Le montagne des Pyr\u00e9n\u00e9es est une race de chien calme, majestueuse et protectrice. Il surveille son territoire avec vigilance, sans jamais se montrer agressif pour aucune raison. Tr\u00e8s loyal envers sa famille, il agit avec assurance et ind\u00e9pendance. Il aime les enfants et se montre doux et patient avec eux. Le montagne des Pyr\u00e9n\u00e9es est une race de chien qui est parfaite pour les ma\u00eetres qui veulent un compagnon fiable, dissuasif, mais affectueux.<\/p>\t\t\t\t\t\t\t\t<\/div>\n\t\t\t\t<\/div>\n\t\t\t\t\t<\/div>\n\t\t\t\t<\/div>\n\t\t<div class=\"elementor-element elementor-element-4ea893b e-flex e-con-boxed e-con e-parent\" data-id=\"4ea893b\" data-element_type=\"container\" data-e-type=\"container\">\n\t\t\t\t\t<div class=\"e-con-inner\">\n\t\t\t\t<div class=\"elementor-element elementor-element-932a038 elementor-widget elementor-widget-heading\" data-id=\"932a038\" data-element_type=\"widget\" data-e-type=\"widget\" data-widget_type=\"heading.default\">\n\t\t\t\t\t<h2 class=\"elementor-heading-title elementor-size-default\">La signification de son nom<\/h2>\t\t\t\t<\/div>\n\t\t\t\t\t<\/div>\n\t\t\t\t<\/div>\n\t\t<div class=\"elementor-element elementor-element-27ea8b0 e-flex e-con-boxed e-con e-parent\" data-id=\"27ea8b0\" data-element_type=\"container\" data-e-type=\"container\">\n\t\t\t\t\t<div class=\"e-con-inner\">\n\t\t<div class=\"elementor-element elementor-element-ab5b72b e-con-full e-flex e-con e-child\" data-id=\"ab5b72b\" data-element_type=\"container\" data-e-type=\"container\">\n\t\t\t\t<div class=\"elementor-element elementor-element-9c43317 elementor-widget elementor-widget-image\" data-id=\"9c43317\" data-element_type=\"widget\" data-e-type=\"widget\" data-widget_type=\"image.default\">\n\t\t\t\t\t\t\t\t\t\t\t\t\t\t\t<img decoding=\"async\" width=\"1024\" height=\"755\" src=\"https:\/\/site41.arn1103.uqat.ca\/wp-content\/uploads\/2025\/12\/vishnu-1024x755.jpg\" class=\"attachment-large size-large wp-image-54\" alt=\"\" srcset=\"https:\/\/site41.arn1103.uqat.ca\/wp-content\/uploads\/2025\/12\/vishnu-1024x755.jpg 1024w, https:\/\/site41.arn1103.uqat.ca\/wp-content\/uploads\/2025\/12\/vishnu-300x221.jpg 300w, https:\/\/site41.arn1103.uqat.ca\/wp-content\/uploads\/2025\/12\/vishnu-768x566.jpg 768w, https:\/\/site41.arn1103.uqat.ca\/wp-content\/uploads\/2025\/12\/vishnu-600x442.jpg 600w, https:\/\/site41.arn1103.uqat.ca\/wp-content\/uploads\/2025\/12\/vishnu.jpg 1186w\" sizes=\"(max-width: 1024px) 100vw, 1024px\" \/>\t\t\t\t\t\t\t\t\t\t\t\t\t\t\t<\/div>\n\t\t\t\t<\/div>\n\t\t<div class=\"elementor-element elementor-element-0ad6210 e-con-full e-flex e-con e-child\" data-id=\"0ad6210\" data-element_type=\"container\" data-e-type=\"container\">\n\t\t\t\t<div class=\"elementor-element elementor-element-8a788d1 elementor-widget elementor-widget-text-editor\" data-id=\"8a788d1\" data-element_type=\"widget\" data-e-type=\"widget\" data-widget_type=\"text-editor.default\">\n\t\t\t\t\t\t\t\t\t<p>Perch\u00e9 au c\u0153ur de l&rsquo;hindouisme, Vishnu, le gardien de l&rsquo;univers, occupe une place centrale dans la trinit\u00e9 hindoue, aux c\u00f4t\u00e9s de Brahma, le cr\u00e9ateur, et Shiva, le destructeur. Symbole de la pr\u00e9servation et de la protection, Vishnu est celui qui maintient l&rsquo;\u00e9quilibre cosmique et prot\u00e8ge le dharma (ordre universel). On le repr\u00e9sente souvent avec quatre bras, tenant une conque, un disque, une masse et un lotus, symbolisant divers aspects de son pouvoir divin.<\/p>\t\t\t\t\t\t\t\t<\/div>\n\t\t\t\t<\/div>\n\t\t\t\t\t<\/div>\n\t\t\t\t<\/div>\n\t\t<div class=\"elementor-element elementor-element-4abe90c e-flex e-con-boxed e-con e-parent\" data-id=\"4abe90c\" data-element_type=\"container\" data-e-type=\"container\">\n\t\t\t\t\t<div class=\"e-con-inner\">\n\t\t\t\t<div class=\"elementor-element elementor-element-589dc4e elementor-widget elementor-widget-text-editor\" data-id=\"589dc4e\" data-element_type=\"widget\" data-e-type=\"widget\" data-widget_type=\"text-editor.default\">\n\t\t\t\t\t\t\t\t\t<h4>Vous aimeriez conna\u00eetre nos animaux? Vous pouvez organiser une visite d\u00e8s aujourd\u2019hui!<\/h4>\t\t\t\t\t\t\t\t<\/div>\n\t\t\t\t\t<\/div>\n\t\t\t\t<\/div>\n\t\t\t\t<\/div>\n\t\t","protected":false},"excerpt":{"rendered":"<p>Vishnu Vishnu est le chien de la Ferme Dharma et le premier employ\u00e9 de la ferme. Il travaille \u00e0 la ferme 24 heures sur 24, 7 jours sur 7.\u00a0 Ces fonctions sont les suivantes : \u00b7 Aboyer pour faire part de son territoire aux pr\u00e9dateurs \u00b7 Poursuivre les envahisseurs\u00a0 \u00b7 D\u00e9truire tous les objets qui [&hellip;]<\/p>\n","protected":false},"author":1,"featured_media":0,"parent":0,"menu_order":0,"comment_status":"closed","ping_status":"closed","template":"","meta":{"footnotes":""},"class_list":["post-28","page","type-page","status-publish","hentry"],"yoast_head":"<!-- This site is optimized with the Yoast SEO plugin v27.5 - https:\/\/yoast.com\/product\/yoast-seo-wordpress\/ -->\n<title>\u00c0 propos - Mon portfolio<\/title>\n<meta name=\"robots\" content=\"index, follow, max-snippet:-1, max-image-preview:large, max-video-preview:-1\" \/>\n<link rel=\"canonical\" href=\"https:\/\/site41.arn1103.uqat.ca\/index.php\/a-propos\/\" \/>\n<meta property=\"og:locale\" content=\"fr_FR\" \/>\n<meta property=\"og:type\" content=\"article\" \/>\n<meta property=\"og:title\" content=\"\u00c0 propos - Mon portfolio\" \/>\n<meta property=\"og:description\" content=\"Vishnu Vishnu est le chien de la Ferme Dharma et le premier employ\u00e9 de la ferme. Il travaille \u00e0 la ferme 24 heures sur 24, 7 jours sur 7.\u00a0 Ces fonctions sont les suivantes : \u00b7 Aboyer pour faire part de son territoire aux pr\u00e9dateurs \u00b7 Poursuivre les envahisseurs\u00a0 \u00b7 D\u00e9truire tous les objets qui [&hellip;]\" \/>\n<meta property=\"og:url\" content=\"https:\/\/site41.arn1103.uqat.ca\/index.php\/a-propos\/\" \/>\n<meta property=\"og:site_name\" content=\"Mon portfolio\" \/>\n<meta property=\"article:modified_time\" content=\"2025-12-04T02:16:29+00:00\" \/>\n<meta property=\"og:image\" content=\"https:\/\/site41.arn1103.uqat.ca\/wp-content\/uploads\/2025\/12\/vishnu_chien_montagne.jpg\" \/>\n\t<meta property=\"og:image:width\" content=\"1980\" \/>\n\t<meta property=\"og:image:height\" content=\"2050\" \/>\n\t<meta property=\"og:image:type\" content=\"image\/jpeg\" \/>\n<meta name=\"twitter:card\" content=\"summary_large_image\" \/>\n<meta name=\"twitter:label1\" content=\"Dur\u00e9e de lecture estim\u00e9e\" \/>\n\t<meta name=\"twitter:data1\" content=\"2 minutes\" \/>\n<script type=\"application\/ld+json\" class=\"yoast-schema-graph\">{\"@context\":\"https:\\\/\\\/schema.org\",\"@graph\":[{\"@type\":\"WebPage\",\"@id\":\"https:\\\/\\\/site41.arn1103.uqat.ca\\\/index.php\\\/a-propos\\\/\",\"url\":\"https:\\\/\\\/site41.arn1103.uqat.ca\\\/index.php\\\/a-propos\\\/\",\"name\":\"\u00c0 propos - Mon portfolio\",\"isPartOf\":{\"@id\":\"https:\\\/\\\/site41.arn1103.uqat.ca\\\/#website\"},\"primaryImageOfPage\":{\"@id\":\"https:\\\/\\\/site41.arn1103.uqat.ca\\\/index.php\\\/a-propos\\\/#primaryimage\"},\"image\":{\"@id\":\"https:\\\/\\\/site41.arn1103.uqat.ca\\\/index.php\\\/a-propos\\\/#primaryimage\"},\"thumbnailUrl\":\"https:\\\/\\\/site41.arn1103.uqat.ca\\\/wp-content\\\/uploads\\\/2025\\\/12\\\/vishnu_chien_montagne-989x1024.jpg\",\"datePublished\":\"2025-11-27T00:38:29+00:00\",\"dateModified\":\"2025-12-04T02:16:29+00:00\",\"breadcrumb\":{\"@id\":\"https:\\\/\\\/site41.arn1103.uqat.ca\\\/index.php\\\/a-propos\\\/#breadcrumb\"},\"inLanguage\":\"fr-FR\",\"potentialAction\":[{\"@type\":\"ReadAction\",\"target\":[\"https:\\\/\\\/site41.arn1103.uqat.ca\\\/index.php\\\/a-propos\\\/\"]}]},{\"@type\":\"ImageObject\",\"inLanguage\":\"fr-FR\",\"@id\":\"https:\\\/\\\/site41.arn1103.uqat.ca\\\/index.php\\\/a-propos\\\/#primaryimage\",\"url\":\"https:\\\/\\\/site41.arn1103.uqat.ca\\\/wp-content\\\/uploads\\\/2025\\\/12\\\/vishnu_chien_montagne.jpg\",\"contentUrl\":\"https:\\\/\\\/site41.arn1103.uqat.ca\\\/wp-content\\\/uploads\\\/2025\\\/12\\\/vishnu_chien_montagne.jpg\",\"width\":1980,\"height\":2050},{\"@type\":\"BreadcrumbList\",\"@id\":\"https:\\\/\\\/site41.arn1103.uqat.ca\\\/index.php\\\/a-propos\\\/#breadcrumb\",\"itemListElement\":[{\"@type\":\"ListItem\",\"position\":1,\"name\":\"Accueil\",\"item\":\"https:\\\/\\\/site41.arn1103.uqat.ca\\\/\"},{\"@type\":\"ListItem\",\"position\":2,\"name\":\"\u00c0 propos\"}]},{\"@type\":\"WebSite\",\"@id\":\"https:\\\/\\\/site41.arn1103.uqat.ca\\\/#website\",\"url\":\"https:\\\/\\\/site41.arn1103.uqat.ca\\\/\",\"name\":\"Mon portfolio\",\"description\":\"\",\"potentialAction\":[{\"@type\":\"SearchAction\",\"target\":{\"@type\":\"EntryPoint\",\"urlTemplate\":\"https:\\\/\\\/site41.arn1103.uqat.ca\\\/?s={search_term_string}\"},\"query-input\":{\"@type\":\"PropertyValueSpecification\",\"valueRequired\":true,\"valueName\":\"search_term_string\"}}],\"inLanguage\":\"fr-FR\"}]}<\/script>\n<!-- \/ Yoast SEO plugin. -->","yoast_head_json":{"title":"\u00c0 propos - Mon portfolio","robots":{"index":"index","follow":"follow","max-snippet":"max-snippet:-1","max-image-preview":"max-image-preview:large","max-video-preview":"max-video-preview:-1"},"canonical":"https:\/\/site41.arn1103.uqat.ca\/index.php\/a-propos\/","og_locale":"fr_FR","og_type":"article","og_title":"\u00c0 propos - Mon portfolio","og_description":"Vishnu Vishnu est le chien de la Ferme Dharma et le premier employ\u00e9 de la ferme. Il travaille \u00e0 la ferme 24 heures sur 24, 7 jours sur 7.\u00a0 Ces fonctions sont les suivantes : \u00b7 Aboyer pour faire part de son territoire aux pr\u00e9dateurs \u00b7 Poursuivre les envahisseurs\u00a0 \u00b7 D\u00e9truire tous les objets qui [&hellip;]","og_url":"https:\/\/site41.arn1103.uqat.ca\/index.php\/a-propos\/","og_site_name":"Mon portfolio","article_modified_time":"2025-12-04T02:16:29+00:00","og_image":[{"width":1980,"height":2050,"url":"https:\/\/site41.arn1103.uqat.ca\/wp-content\/uploads\/2025\/12\/vishnu_chien_montagne.jpg","type":"image\/jpeg"}],"twitter_card":"summary_large_image","twitter_misc":{"Dur\u00e9e de lecture estim\u00e9e":"2 minutes"},"schema":{"@context":"https:\/\/schema.org","@graph":[{"@type":"WebPage","@id":"https:\/\/site41.arn1103.uqat.ca\/index.php\/a-propos\/","url":"https:\/\/site41.arn1103.uqat.ca\/index.php\/a-propos\/","name":"\u00c0 propos - Mon portfolio","isPartOf":{"@id":"https:\/\/site41.arn1103.uqat.ca\/#website"},"primaryImageOfPage":{"@id":"https:\/\/site41.arn1103.uqat.ca\/index.php\/a-propos\/#primaryimage"},"image":{"@id":"https:\/\/site41.arn1103.uqat.ca\/index.php\/a-propos\/#primaryimage"},"thumbnailUrl":"https:\/\/site41.arn1103.uqat.ca\/wp-content\/uploads\/2025\/12\/vishnu_chien_montagne-989x1024.jpg","datePublished":"2025-11-27T00:38:29+00:00","dateModified":"2025-12-04T02:16:29+00:00","breadcrumb":{"@id":"https:\/\/site41.arn1103.uqat.ca\/index.php\/a-propos\/#breadcrumb"},"inLanguage":"fr-FR","potentialAction":[{"@type":"ReadAction","target":["https:\/\/site41.arn1103.uqat.ca\/index.php\/a-propos\/"]}]},{"@type":"ImageObject","inLanguage":"fr-FR","@id":"https:\/\/site41.arn1103.uqat.ca\/index.php\/a-propos\/#primaryimage","url":"https:\/\/site41.arn1103.uqat.ca\/wp-content\/uploads\/2025\/12\/vishnu_chien_montagne.jpg","contentUrl":"https:\/\/site41.arn1103.uqat.ca\/wp-content\/uploads\/2025\/12\/vishnu_chien_montagne.jpg","width":1980,"height":2050},{"@type":"BreadcrumbList","@id":"https:\/\/site41.arn1103.uqat.ca\/index.php\/a-propos\/#breadcrumb","itemListElement":[{"@type":"ListItem","position":1,"name":"Accueil","item":"https:\/\/site41.arn1103.uqat.ca\/"},{"@type":"ListItem","position":2,"name":"\u00c0 propos"}]},{"@type":"WebSite","@id":"https:\/\/site41.arn1103.uqat.ca\/#website","url":"https:\/\/site41.arn1103.uqat.ca\/","name":"Mon portfolio","description":"","potentialAction":[{"@type":"SearchAction","target":{"@type":"EntryPoint","urlTemplate":"https:\/\/site41.arn1103.uqat.ca\/?s={search_term_string}"},"query-input":{"@type":"PropertyValueSpecification","valueRequired":true,"valueName":"search_term_string"}}],"inLanguage":"fr-FR"}]}},"_links":{"self":[{"href":"https:\/\/site41.arn1103.uqat.ca\/index.php\/wp-json\/wp\/v2\/pages\/28","targetHints":{"allow":["GET"]}}],"collection":[{"href":"https:\/\/site41.arn1103.uqat.ca\/index.php\/wp-json\/wp\/v2\/pages"}],"about":[{"href":"https:\/\/site41.arn1103.uqat.ca\/index.php\/wp-json\/wp\/v2\/types\/page"}],"author":[{"embeddable":true,"href":"https:\/\/site41.arn1103.uqat.ca\/index.php\/wp-json\/wp\/v2\/users\/1"}],"replies":[{"embeddable":true,"href":"https:\/\/site41.arn1103.uqat.ca\/index.php\/wp-json\/wp\/v2\/comments?post=28"}],"version-history":[{"count":8,"href":"https:\/\/site41.arn1103.uqat.ca\/index.php\/wp-json\/wp\/v2\/pages\/28\/revisions"}],"predecessor-version":[{"id":59,"href":"https:\/\/site41.arn1103.uqat.ca\/index.php\/wp-json\/wp\/v2\/pages\/28\/revisions\/59"}],"wp:attachment":[{"href":"https:\/\/site41.arn1103.uqat.ca\/index.php\/wp-json\/wp\/v2\/media?parent=28"}],"curies":[{"name":"wp","href":"https:\/\/api.w.org\/{rel}","templated":true}]}}